{"id":72,"date":"2020-05-17T18:33:22","date_gmt":"2020-05-17T18:33:22","guid":{"rendered":"https:\/\/fabs-kreativ.ch\/?page_id=72"},"modified":"2020-12-19T19:33:58","modified_gmt":"2020-12-19T19:33:58","slug":"willkommen","status":"publish","type":"page","link":"https:\/\/fabs-kreativ.ch\/","title":{"rendered":"Willkommen"},"content":{"rendered":"\n<p class=\"has-medium-font-size\">Herzlich willkommen auf <strong><em>fabs-kreativ.ch<\/em><\/strong><\/p>\n\n\n\n<p class=\"has-medium-font-size\">Ich freue mich, dass du hier bist! Auf dieser Seite findest du Karten aller Art &#8211; Grusskarten, Gl\u00fcckwunschkarten und Trauerkarten.<\/p>\n\n\n\n<p class=\"has-medium-font-size\">Falls du einen speziellen Wunsch f\u00fcr eine Karte hast, darfst du mich <strong><a href=\"https:\/\/fabs-kreativ.ch\/?page_id=77\">hier<\/a> <\/strong>gerne kontaktieren.<\/p>\n\n\n\n<p class=\"has-medium-font-size\">Viel Spass beim St\u00f6bern w\u00fcnscht Dir<br><strong><em>Fabienne<\/em><\/strong><\/p>\n\n\n\n<p><\/p>\n","protected":false},"excerpt":{"rendered":"<p>Herzlich willkommen auf fabs-kreativ.ch Ich freue mich, dass du hier bist! Auf dieser Seite findest du Karten aller Art &#8211; Grusskarten, Gl\u00fcckwunschkarten und Trauerkarten. Falls du einen speziellen Wunsch f\u00fcr eine Karte hast, darfst du mich hier gerne kontaktieren. Viel Spass beim St\u00f6bern w\u00fcnscht DirFabienne<\/p>\n","protected":false},"author":2,"featured_media":0,"parent":0,"menu_order":0,"comment_status":"closed","ping_status":"closed","template":"","meta":{"footnotes":""},"_links":{"self":[{"href":"https:\/\/fabs-kreativ.ch\/index.php?rest_route=\/wp\/v2\/pages\/72"}],"collection":[{"href":"https:\/\/fabs-kreativ.ch\/index.php?rest_route=\/wp\/v2\/pages"}],"about":[{"href":"https:\/\/fabs-kreativ.ch\/index.php?rest_route=\/wp\/v2\/types\/page"}],"author":[{"embeddable":true,"href":"https:\/\/fabs-kreativ.ch\/index.php?rest_route=\/wp\/v2\/users\/2"}],"replies":[{"embeddable":true,"href":"https:\/\/fabs-kreativ.ch\/index.php?rest_route=%2Fwp%2Fv2%2Fcomments&post=72"}],"version-history":[{"count":11,"href":"https:\/\/fabs-kreativ.ch\/index.php?rest_route=\/wp\/v2\/pages\/72\/revisions"}],"predecessor-version":[{"id":174,"href":"https:\/\/fabs-kreativ.ch\/index.php?rest_route=\/wp\/v2\/pages\/72\/revisions\/174"}],"wp:attachment":[{"href":"https:\/\/fabs-kreativ.ch\/index.php?rest_route=%2Fwp%2Fv2%2Fmedia&parent=72"}],"curies":[{"name":"wp","href":"https:\/\/api.w.org\/{rel}","templated":true}]}}